{"id":484,"date":"2021-06-14T06:48:29","date_gmt":"2021-06-14T04:48:29","guid":{"rendered":"http:\/\/osadaaugustow.com\/?page_id=484"},"modified":"2025-12-23T06:01:03","modified_gmt":"2025-12-23T05:01:03","slug":"okolica","status":"publish","type":"page","link":"https:\/\/osadaaugustow.com\/eng\/okolica\/","title":{"rendered":"Surroundings"},"content":{"rendered":"<div data-elementor-type=\"wp-page\" data-elementor-id=\"484\" class=\"elementor elementor-484\" data-elementor-post-type=\"page\">\n\t\t\t\t\t\t<section class=\"elementor-section elementor-top-section elementor-element elementor-element-ad8eb21 elementor-section-height-full elementor-section-items-bottom elementor-section-boxed elementor-section-height-default\" data-id=\"ad8eb21\" data-element_type=\"section\" data-e-type=\"section\" data-settings=\"{&quot;background_background&quot;:&quot;classic&quot;}\">\n\t\t\t\t\t\t\t<div class=\"elementor-background-overlay\"><\/div>\n\t\t\t\t\t\t\t<div class=\"elementor-container elementor-column-gap-default\">\n\t\t\t\t\t<div class=\"elementor-column elementor-col-100 elementor-top-column elementor-element elementor-element-fae4946\" data-id=\"fae4946\" data-element_type=\"column\" data-e-type=\"column\">\n\t\t\t<div class=\"elementor-widget-wrap elementor-element-populated\">\n\t\t\t\t\t\t<div class=\"elementor-element elementor-element-c03ceb2 animated-slow elementor-invisible elementor-widget elementor-widget-heading\" data-id=\"c03ceb2\" data-element_type=\"widget\" data-e-type=\"widget\" data-settings=\"{&quot;_animation&quot;:&quot;fadeInDown&quot;}\" data-widget_type=\"heading.default\">\n\t\t\t\t<div class=\"elementor-widget-container\">\n\t\t\t\t\t<h1 class=\"elementor-heading-title elementor-size-default\">Surroundings<\/h1>\t\t\t\t<\/div>\n\t\t\t\t<\/div>\n\t\t\t\t<div class=\"elementor-element elementor-element-20874a3 animated-slow elementor-invisible elementor-widget elementor-widget-heading\" data-id=\"20874a3\" data-element_type=\"widget\" data-e-type=\"widget\" data-settings=\"{&quot;_animation&quot;:&quot;fadeInUp&quot;}\" data-widget_type=\"heading.default\">\n\t\t\t\t<div class=\"elementor-widget-container\">\n\t\t\t\t\t<h2 class=\"elementor-heading-title elementor-size-default\">of Osada Augustow<\/h2>\t\t\t\t<\/div>\n\t\t\t\t<\/div>\n\t\t\t\t\t<\/div>\n\t\t<\/div>\n\t\t\t\t\t<\/div>\n\t\t<\/section>\n\t\t\t\t<section class=\"elementor-section elementor-top-section elementor-element elementor-element-022a476 elementor-reverse-mobile elementor-section-boxed elementor-section-height-default elementor-section-height-default\" data-id=\"022a476\" data-element_type=\"section\" data-e-type=\"section\">\n\t\t\t\t\t\t<div class=\"elementor-container elementor-column-gap-default\">\n\t\t\t\t\t<div class=\"elementor-column elementor-col-50 elementor-top-column elementor-element elementor-element-50fbc25 animated-slow elementor-invisible\" data-id=\"50fbc25\" data-element_type=\"column\" data-e-type=\"column\" data-settings=\"{&quot;animation&quot;:&quot;fadeIn&quot;}\">\n\t\t\t<div class=\"elementor-widget-wrap elementor-element-populated\">\n\t\t\t\t\t\t<div class=\"elementor-element elementor-element-c6937d1 elementor-widget elementor-widget-image\" data-id=\"c6937d1\" data-element_type=\"widget\" data-e-type=\"widget\" data-settings=\"{&quot;_animation_mobile&quot;:&quot;none&quot;}\" data-widget_type=\"image.default\">\n\t\t\t\t<div class=\"elementor-widget-container\">\n\t\t\t\t\t\t\t\t\t\t\t\t\t\t\t<img fetchpriority=\"high\" decoding=\"async\" width=\"1200\" height=\"763\" src=\"https:\/\/osadaaugustow.com\/wp-content\/uploads\/2021\/06\/widok.jpg\" class=\"attachment-full size-full wp-image-665\" alt=\"august\u00f3w\" srcset=\"https:\/\/osadaaugustow.com\/wp-content\/uploads\/2021\/06\/widok.jpg 1200w, https:\/\/osadaaugustow.com\/wp-content\/uploads\/2021\/06\/widok-300x191.jpg 300w, https:\/\/osadaaugustow.com\/wp-content\/uploads\/2021\/06\/widok-1024x651.jpg 1024w, https:\/\/osadaaugustow.com\/wp-content\/uploads\/2021\/06\/widok-768x488.jpg 768w\" sizes=\"(max-width: 1200px) 100vw, 1200px\" \/>\t\t\t\t\t\t\t\t\t\t\t\t\t\t\t<\/div>\n\t\t\t\t<\/div>\n\t\t\t\t<div class=\"elementor-element elementor-element-46a03a9 elementor-widget elementor-widget-heading\" data-id=\"46a03a9\" data-element_type=\"widget\" data-e-type=\"widget\" data-widget_type=\"heading.default\">\n\t\t\t\t<div class=\"elementor-widget-container\">\n\t\t\t\t\t<h3 class=\"elementor-heading-title elementor-size-default\">Hiking<br \/>piesza<\/h3>\t\t\t\t<\/div>\n\t\t\t\t<\/div>\n\t\t\t\t<div class=\"elementor-element elementor-element-ad38647 elementor-widget elementor-widget-text-editor\" data-id=\"ad38647\" data-element_type=\"widget\" data-e-type=\"widget\" data-settings=\"{&quot;_animation_mobile&quot;:&quot;none&quot;}\" data-widget_type=\"text-editor.default\">\n\t\t\t\t<div class=\"elementor-widget-container\">\n\t\t\t\t\t\t\t\t\t<p class=\"translation-block\">At the highest point of Augustow (about 10 minutes on foot) there is the Slupiec Rock. Steep stairs lead to it. The trouble is worth it, because from here you can see the entire panorama of the Karkonosze, the Izera Mountains and part of the Kaczawskie Mountains.<\/p><p>Na najwy\u017cszym punkcie Augustowa (oko\u0142o 10 minut pieszo) znajduje si\u0119 ska\u0142ka S\u0142upiec. Prowadz\u0105 na ni\u0105 strome schodki. Trud si\u0119 op\u0142aca, bo wida\u0107 st\u0105d ca\u0142\u0105 panoram\u0119 Karkonoszy, <strong>of Jizera Mountains<\/strong> oraz cz\u0119\u015b\u0107 G\u00f3r Kaczawskich.<\/p><p>There is a whole lot of unknown places to a wider group of tourists. It is worth asking the host on arrival.<\/p>\t\t\t\t\t\t\t\t<\/div>\n\t\t\t\t<\/div>\n\t\t\t\t\t<\/div>\n\t\t<\/div>\n\t\t\t\t<div class=\"elementor-column elementor-col-50 elementor-top-column elementor-element elementor-element-285508a animated-slow elementor-invisible\" data-id=\"285508a\" data-element_type=\"column\" data-e-type=\"column\" data-settings=\"{&quot;animation&quot;:&quot;fadeIn&quot;,&quot;background_background&quot;:&quot;classic&quot;,&quot;animation_mobile&quot;:&quot;none&quot;}\">\n\t\t\t<div class=\"elementor-widget-wrap elementor-element-populated\">\n\t\t\t\t\t\t<div class=\"elementor-element elementor-element-f1e00bb elementor-absolute elementor-widget elementor-widget-image\" data-id=\"f1e00bb\" data-element_type=\"widget\" data-e-type=\"widget\" data-settings=\"{&quot;_position&quot;:&quot;absolute&quot;}\" data-widget_type=\"image.default\">\n\t\t\t\t<div class=\"elementor-widget-container\">\n\t\t\t\t\t\t\t\t\t\t\t\t\t\t\t<img decoding=\"async\" width=\"178\" height=\"281\" src=\"https:\/\/osadaaugustow.com\/wp-content\/uploads\/2021\/06\/accent.png\" class=\"attachment-full size-full wp-image-425\" alt=\"\" \/>\t\t\t\t\t\t\t\t\t\t\t\t\t\t\t<\/div>\n\t\t\t\t<\/div>\n\t\t\t\t<div class=\"elementor-element elementor-element-fa85384 elementor-widget elementor-widget-heading\" data-id=\"fa85384\" data-element_type=\"widget\" data-e-type=\"widget\" data-widget_type=\"heading.default\">\n\t\t\t\t<div class=\"elementor-widget-container\">\n\t\t\t\t\t<p class=\"elementor-heading-title elementor-size-default\">Mountains, forests, lakes<\/p>\t\t\t\t<\/div>\n\t\t\t\t<\/div>\n\t\t\t\t<div class=\"elementor-element elementor-element-660108d elementor-widget elementor-widget-heading\" data-id=\"660108d\" data-element_type=\"widget\" data-e-type=\"widget\" data-widget_type=\"heading.default\">\n\t\t\t\t<div class=\"elementor-widget-container\">\n\t\t\t\t\t<h2 class=\"elementor-heading-title elementor-size-default\">Attractions<br \/>of Jizera Mountains<\/h2>\t\t\t\t<\/div>\n\t\t\t\t<\/div>\n\t\t\t\t<div class=\"elementor-element elementor-element-1b03070 elementor-widget elementor-widget-image\" data-id=\"1b03070\" data-element_type=\"widget\" data-e-type=\"widget\" data-widget_type=\"image.default\">\n\t\t\t\t<div class=\"elementor-widget-container\">\n\t\t\t\t\t\t\t\t\t\t\t\t\t\t\t<img decoding=\"async\" src=\"https:\/\/osadaaugustow.com\/wp-content\/uploads\/elementor\/thumbs\/okolica-0010-p96d2n4m623kwcea0hfd95dihe1gq1w2mubhzrt728.jpg\" title=\"okolica-0010\" alt=\"okolica-0010\" loading=\"lazy\" \/>\t\t\t\t\t\t\t\t\t\t\t\t\t\t\t<\/div>\n\t\t\t\t<\/div>\n\t\t\t\t\t<\/div>\n\t\t<\/div>\n\t\t\t\t\t<\/div>\n\t\t<\/section>\n\t\t\t\t<section class=\"elementor-section elementor-top-section elementor-element elementor-element-650056d elementor-section-boxed elementor-section-height-default elementor-section-height-default\" data-id=\"650056d\" data-element_type=\"section\" data-e-type=\"section\">\n\t\t\t\t\t\t<div class=\"elementor-container elementor-column-gap-default\">\n\t\t\t\t\t<div class=\"elementor-column elementor-col-50 elementor-top-column elementor-element elementor-element-637a345 animated-slow elementor-invisible\" data-id=\"637a345\" data-element_type=\"column\" data-e-type=\"column\" data-settings=\"{&quot;animation&quot;:&quot;fadeIn&quot;,&quot;background_background&quot;:&quot;classic&quot;,&quot;animation_mobile&quot;:&quot;none&quot;}\">\n\t\t\t<div class=\"elementor-widget-wrap elementor-element-populated\">\n\t\t\t\t\t\t<div class=\"elementor-element elementor-element-ad40a1d elementor-widget elementor-widget-image\" data-id=\"ad40a1d\" data-element_type=\"widget\" data-e-type=\"widget\" data-settings=\"{&quot;_animation_mobile&quot;:&quot;none&quot;}\" data-widget_type=\"image.default\">\n\t\t\t\t<div class=\"elementor-widget-container\">\n\t\t\t\t\t\t\t\t\t\t\t\t\t\t\t<img decoding=\"async\" width=\"1059\" height=\"800\" src=\"https:\/\/osadaaugustow.com\/wp-content\/uploads\/2021\/06\/turystyka-rowerowa.jpg\" class=\"attachment-full size-full wp-image-712\" alt=\"turystyka rowerowa\" srcset=\"https:\/\/osadaaugustow.com\/wp-content\/uploads\/2021\/06\/turystyka-rowerowa.jpg 1059w, https:\/\/osadaaugustow.com\/wp-content\/uploads\/2021\/06\/turystyka-rowerowa-300x227.jpg 300w, https:\/\/osadaaugustow.com\/wp-content\/uploads\/2021\/06\/turystyka-rowerowa-1024x774.jpg 1024w, https:\/\/osadaaugustow.com\/wp-content\/uploads\/2021\/06\/turystyka-rowerowa-768x580.jpg 768w\" sizes=\"(max-width: 1059px) 100vw, 1059px\" \/>\t\t\t\t\t\t\t\t\t\t\t\t\t\t\t<\/div>\n\t\t\t\t<\/div>\n\t\t\t\t\t<\/div>\n\t\t<\/div>\n\t\t\t\t<div class=\"elementor-column elementor-col-50 elementor-top-column elementor-element elementor-element-7416ed4 animated-slow elementor-invisible\" data-id=\"7416ed4\" data-element_type=\"column\" data-e-type=\"column\" data-settings=\"{&quot;animation&quot;:&quot;fadeIn&quot;}\">\n\t\t\t<div class=\"elementor-widget-wrap elementor-element-populated\">\n\t\t\t\t\t\t<div class=\"elementor-element elementor-element-38c5bbb elementor-widget elementor-widget-heading\" data-id=\"38c5bbb\" data-element_type=\"widget\" data-e-type=\"widget\" data-widget_type=\"heading.default\">\n\t\t\t\t<div class=\"elementor-widget-container\">\n\t\t\t\t\t<h3 class=\"elementor-heading-title elementor-size-default translation-block\">Cycling<\/h3>\t\t\t\t<\/div>\n\t\t\t\t<\/div>\n\t\t\t\t<div class=\"elementor-element elementor-element-6d168b6 elementor-widget elementor-widget-text-editor\" data-id=\"6d168b6\" data-element_type=\"widget\" data-e-type=\"widget\" data-settings=\"{&quot;_animation_mobile&quot;:&quot;none&quot;}\" data-widget_type=\"text-editor.default\">\n\t\t\t\t<div class=\"elementor-widget-container\">\n\t\t\t\t\t\t\t\t\t<p class=\"translation-block\">The Izerskie Foothills are a real paradise for cycling enthusiasts. You can go on a trip to Swieradow Zdroj (13 km) and learn about the local \"single track\" routes, which are abundant there. There are plenty around climbs, exits and good asphalt roads.<\/p><p>This is good news for fans of fast road riding \/ cycling. An interesting trail is the road to the hill with the chapel of St. Anna in Proszowka.<\/p>\t\t\t\t\t\t\t\t<\/div>\n\t\t\t\t<\/div>\n\t\t\t\t\t<\/div>\n\t\t<\/div>\n\t\t\t\t\t<\/div>\n\t\t<\/section>\n\t\t\t\t<section class=\"elementor-section elementor-top-section elementor-element elementor-element-45fc10e elementor-section-boxed elementor-section-height-default elementor-section-height-default\" data-id=\"45fc10e\" data-element_type=\"section\" data-e-type=\"section\">\n\t\t\t\t\t\t<div class=\"elementor-container elementor-column-gap-default\">\n\t\t\t\t\t<div class=\"elementor-column elementor-col-50 elementor-top-column elementor-element elementor-element-fb50173 animated-slow elementor-invisible\" data-id=\"fb50173\" data-element_type=\"column\" data-e-type=\"column\" data-settings=\"{&quot;animation&quot;:&quot;fadeIn&quot;}\">\n\t\t\t<div class=\"elementor-widget-wrap elementor-element-populated\">\n\t\t\t\t\t\t<div class=\"elementor-element elementor-element-fffdfae elementor-widget elementor-widget-heading\" data-id=\"fffdfae\" data-element_type=\"widget\" data-e-type=\"widget\" data-widget_type=\"heading.default\">\n\t\t\t\t<div class=\"elementor-widget-container\">\n\t\t\t\t\t<h3 class=\"elementor-heading-title elementor-size-default\">Land of Castles<\/h3>\t\t\t\t<\/div>\n\t\t\t\t<\/div>\n\t\t\t\t<div class=\"elementor-element elementor-element-3c5c787 elementor-widget elementor-widget-text-editor\" data-id=\"3c5c787\" data-element_type=\"widget\" data-e-type=\"widget\" data-settings=\"{&quot;_animation_mobile&quot;:&quot;none&quot;}\" data-widget_type=\"text-editor.default\">\n\t\t\t\t<div class=\"elementor-widget-container\">\n\t\t\t\t\t\t\t\t\t<p class=\"translation-block\">In the immediate vicinity we can admire the Czocha Castle (6 km), Rajsko Castle (14 km), the Ruins of the \u015awiecie Castle (8 km) and the Gryf Castle (12 km). Czocha Castle, which is the closest to the castle, has the most tourist attractions. Its majestic building surrounded by Lake Le\u015bnia\u0144skie is a beautiful showcase of the region.<\/p><p>Visiting castles is a real treat for lovers of medieval times, but also for kids for whom castles are an opportunity to let their imagination run wild.<\/p>\t\t\t\t\t\t\t\t<\/div>\n\t\t\t\t<\/div>\n\t\t\t\t\t<\/div>\n\t\t<\/div>\n\t\t\t\t<div class=\"elementor-column elementor-col-50 elementor-top-column elementor-element elementor-element-13738a4 animated-slow elementor-invisible\" data-id=\"13738a4\" data-element_type=\"column\" data-e-type=\"column\" data-settings=\"{&quot;animation&quot;:&quot;fadeIn&quot;,&quot;background_background&quot;:&quot;classic&quot;,&quot;animation_mobile&quot;:&quot;none&quot;}\">\n\t\t\t<div class=\"elementor-widget-wrap elementor-element-populated\">\n\t\t\t\t\t\t<div class=\"elementor-element elementor-element-7109ac4 elementor-widget elementor-widget-image\" data-id=\"7109ac4\" data-element_type=\"widget\" data-e-type=\"widget\" data-settings=\"{&quot;_animation_mobile&quot;:&quot;none&quot;}\" data-widget_type=\"image.default\">\n\t\t\t\t<div class=\"elementor-widget-container\">\n\t\t\t\t\t\t\t\t\t\t\t\t\t\t\t<img loading=\"lazy\" decoding=\"async\" width=\"1600\" height=\"1200\" src=\"https:\/\/osadaaugustow.com\/wp-content\/uploads\/2021\/06\/zamek-czocha.jpg\" class=\"attachment-full size-full wp-image-702\" alt=\"zamek czocha\" srcset=\"https:\/\/osadaaugustow.com\/wp-content\/uploads\/2021\/06\/zamek-czocha.jpg 1600w, https:\/\/osadaaugustow.com\/wp-content\/uploads\/2021\/06\/zamek-czocha-300x225.jpg 300w, https:\/\/osadaaugustow.com\/wp-content\/uploads\/2021\/06\/zamek-czocha-1024x768.jpg 1024w, https:\/\/osadaaugustow.com\/wp-content\/uploads\/2021\/06\/zamek-czocha-768x576.jpg 768w, https:\/\/osadaaugustow.com\/wp-content\/uploads\/2021\/06\/zamek-czocha-1536x1152.jpg 1536w\" sizes=\"(max-width: 1600px) 100vw, 1600px\" \/>\t\t\t\t\t\t\t\t\t\t\t\t\t\t\t<\/div>\n\t\t\t\t<\/div>\n\t\t\t\t\t<\/div>\n\t\t<\/div>\n\t\t\t\t\t<\/div>\n\t\t<\/section>\n\t\t\t\t<section class=\"elementor-section elementor-top-section elementor-element elementor-element-4f63ea4 elementor-section-boxed elementor-section-height-default elementor-section-height-default\" data-id=\"4f63ea4\" data-element_type=\"section\" data-e-type=\"section\">\n\t\t\t\t\t\t<div class=\"elementor-container elementor-column-gap-default\">\n\t\t\t\t\t<div class=\"elementor-column elementor-col-50 elementor-top-column elementor-element elementor-element-d8945c8 animated-slow elementor-invisible\" data-id=\"d8945c8\" data-element_type=\"column\" data-e-type=\"column\" data-settings=\"{&quot;animation&quot;:&quot;fadeIn&quot;,&quot;background_background&quot;:&quot;classic&quot;,&quot;animation_mobile&quot;:&quot;none&quot;}\">\n\t\t\t<div class=\"elementor-widget-wrap elementor-element-populated\">\n\t\t\t\t\t\t<div class=\"elementor-element elementor-element-bc2c448 elementor-widget elementor-widget-image\" data-id=\"bc2c448\" data-element_type=\"widget\" data-e-type=\"widget\" data-settings=\"{&quot;_animation_mobile&quot;:&quot;none&quot;}\" data-widget_type=\"image.default\">\n\t\t\t\t<div class=\"elementor-widget-container\">\n\t\t\t\t\t\t\t\t\t\t\t\t\t\t\t<img loading=\"lazy\" decoding=\"async\" width=\"915\" height=\"1200\" src=\"https:\/\/osadaaugustow.com\/wp-content\/uploads\/2021\/06\/jezioro-lesnianskie.jpg\" class=\"attachment-full size-full wp-image-699\" alt=\"jezioro z\u0142otnickie\" srcset=\"https:\/\/osadaaugustow.com\/wp-content\/uploads\/2021\/06\/jezioro-lesnianskie.jpg 915w, https:\/\/osadaaugustow.com\/wp-content\/uploads\/2021\/06\/jezioro-lesnianskie-229x300.jpg 229w, https:\/\/osadaaugustow.com\/wp-content\/uploads\/2021\/06\/jezioro-lesnianskie-781x1024.jpg 781w, https:\/\/osadaaugustow.com\/wp-content\/uploads\/2021\/06\/jezioro-lesnianskie-768x1007.jpg 768w\" sizes=\"(max-width: 915px) 100vw, 915px\" \/>\t\t\t\t\t\t\t\t\t\t\t\t\t\t\t<\/div>\n\t\t\t\t<\/div>\n\t\t\t\t\t<\/div>\n\t\t<\/div>\n\t\t\t\t<div class=\"elementor-column elementor-col-50 elementor-top-column elementor-element elementor-element-9f7107f animated-slow elementor-invisible\" data-id=\"9f7107f\" data-element_type=\"column\" data-e-type=\"column\" data-settings=\"{&quot;animation&quot;:&quot;fadeIn&quot;}\">\n\t\t\t<div class=\"elementor-widget-wrap elementor-element-populated\">\n\t\t\t\t\t\t<div class=\"elementor-element elementor-element-b97132d elementor-widget elementor-widget-heading\" data-id=\"b97132d\" data-element_type=\"widget\" data-e-type=\"widget\" data-widget_type=\"heading.default\">\n\t\t\t\t<div class=\"elementor-widget-container\">\n\t\t\t\t\t<h3 class=\"elementor-heading-title elementor-size-default\">Lakes<\/h3>\t\t\t\t<\/div>\n\t\t\t\t<\/div>\n\t\t\t\t<div class=\"elementor-element elementor-element-20cf8e0 elementor-widget elementor-widget-text-editor\" data-id=\"20cf8e0\" data-element_type=\"widget\" data-e-type=\"widget\" data-settings=\"{&quot;_animation_mobile&quot;:&quot;none&quot;}\" data-widget_type=\"text-editor.default\">\n\t\t\t\t<div class=\"elementor-widget-container\">\n\t\t\t\t\t\t\t\t\t<p class=\"translation-block\">The nearest Zlotnickie Lake (5.5 km) was created as a result of the river being separated with a dam below Gryfow Slaski. Bathing and swimming possible on one of the prepared beaches in Zloty Potok.<\/p><p>For those who prefer to be on the water surface, kayaks and waterbikes are also available. Nearby awaits Lesnianskie Lake, tempting with its pristine paths, viewpoints and a beach with canoes.<\/p>\t\t\t\t\t\t\t\t<\/div>\n\t\t\t\t<\/div>\n\t\t\t\t\t<\/div>\n\t\t<\/div>\n\t\t\t\t\t<\/div>\n\t\t<\/section>\n\t\t\t\t<\/div>","protected":false},"excerpt":{"rendered":"<p>Okolica Osady August\u00f3w Turystykapiesza Z Naszej Osady prowadzi czerwony szlak turystyczny do linii brzegowej Jeziora Z\u0142otnickiego. Trasa zajmuje oko\u0142o 45 minut (3 km) i przebiega bezpo\u015brednio przez miejscowo\u015b\u0107 Z\u0142otniki Luba\u0144skie. Zwa\u017cywszy na s\u0105siedztwo popularnych kierunk\u00f3w pieszych wycieczek tj. \u015awierad\u00f3w Zdr\u00f3j, Szklarska Por\u0119ba na pewno ka\u017cdy znajdzie ciekawy szlak dla siebie. Dla os\u00f3b lubi\u0105cych bardziej kameralne [&hellip;]<\/p>\n","protected":false},"author":1,"featured_media":0,"parent":0,"menu_order":0,"comment_status":"closed","ping_status":"closed","template":"","meta":{"footnotes":""},"class_list":["post-484","page","type-page","status-publish","hentry"],"_links":{"self":[{"href":"https:\/\/osadaaugustow.com\/eng\/wp-json\/wp\/v2\/pages\/484","targetHints":{"allow":["GET"]}}],"collection":[{"href":"https:\/\/osadaaugustow.com\/eng\/wp-json\/wp\/v2\/pages"}],"about":[{"href":"https:\/\/osadaaugustow.com\/eng\/wp-json\/wp\/v2\/types\/page"}],"author":[{"embeddable":true,"href":"https:\/\/osadaaugustow.com\/eng\/wp-json\/wp\/v2\/users\/1"}],"replies":[{"embeddable":true,"href":"https:\/\/osadaaugustow.com\/eng\/wp-json\/wp\/v2\/comments?post=484"}],"version-history":[{"count":43,"href":"https:\/\/osadaaugustow.com\/eng\/wp-json\/wp\/v2\/pages\/484\/revisions"}],"predecessor-version":[{"id":1681,"href":"https:\/\/osadaaugustow.com\/eng\/wp-json\/wp\/v2\/pages\/484\/revisions\/1681"}],"wp:attachment":[{"href":"https:\/\/osadaaugustow.com\/eng\/wp-json\/wp\/v2\/media?parent=484"}],"curies":[{"name":"wp","href":"https:\/\/api.w.org\/{rel}","templated":true}]}}