{"id":3,"date":"2021-06-05T07:37:07","date_gmt":"2021-06-05T05:37:07","guid":{"rendered":"http:\/\/osadaaugustow.com\/?page_id=3"},"modified":"2021-07-01T08:23:05","modified_gmt":"2021-07-01T06:23:05","slug":"polityka-prywatnosci","status":"publish","type":"page","link":"https:\/\/osadaaugustow.com\/eng\/polityka-prywatnosci\/","title":{"rendered":"Privacy policy"},"content":{"rendered":"<div data-elementor-type=\"wp-page\" data-elementor-id=\"3\" class=\"elementor elementor-3\" data-elementor-post-type=\"page\">\n\t\t\t\t\t\t<section class=\"elementor-section elementor-top-section elementor-element elementor-element-986ad6e elementor-section-height-min-height elementor-section-items-bottom elementor-section-boxed elementor-section-height-default\" data-id=\"986ad6e\" data-element_type=\"section\" data-e-type=\"section\" data-settings=\"{&quot;background_background&quot;:&quot;classic&quot;}\">\n\t\t\t\t\t\t\t<div class=\"elementor-background-overlay\"><\/div>\n\t\t\t\t\t\t\t<div class=\"elementor-container elementor-column-gap-default\">\n\t\t\t\t\t<div class=\"elementor-column elementor-col-100 elementor-top-column elementor-element elementor-element-ffc2447\" data-id=\"ffc2447\" data-element_type=\"column\" data-e-type=\"column\">\n\t\t\t<div class=\"elementor-widget-wrap elementor-element-populated\">\n\t\t\t\t\t\t<div class=\"elementor-element elementor-element-0dd36ad animated-slow elementor-invisible elementor-widget elementor-widget-heading\" data-id=\"0dd36ad\" data-element_type=\"widget\" data-e-type=\"widget\" data-settings=\"{&quot;_animation&quot;:&quot;fadeInDown&quot;}\" data-widget_type=\"heading.default\">\n\t\t\t\t<div class=\"elementor-widget-container\">\n\t\t\t\t\t<h1 class=\"elementor-heading-title elementor-size-default\">Privacy<br \/>\nPolicy<\/h1>\t\t\t\t<\/div>\n\t\t\t\t<\/div>\n\t\t\t\t\t<\/div>\n\t\t<\/div>\n\t\t\t\t\t<\/div>\n\t\t<\/section>\n\t\t\t\t<section class=\"elementor-section elementor-top-section elementor-element elementor-element-2540d69 elementor-section-boxed elementor-section-height-default elementor-section-height-default\" data-id=\"2540d69\" data-element_type=\"section\" data-e-type=\"section\">\n\t\t\t\t\t\t<div class=\"elementor-container elementor-column-gap-default\">\n\t\t\t\t\t<div class=\"elementor-column elementor-col-100 elementor-top-column elementor-element elementor-element-e882e35\" data-id=\"e882e35\" data-element_type=\"column\" data-e-type=\"column\">\n\t\t\t<div class=\"elementor-widget-wrap elementor-element-populated\">\n\t\t\t\t\t\t<div class=\"elementor-element elementor-element-aaa196c elementor-widget elementor-widget-text-editor\" data-id=\"aaa196c\" data-element_type=\"widget\" data-e-type=\"widget\" data-settings=\"{&quot;_animation_mobile&quot;:&quot;none&quot;}\" data-widget_type=\"text-editor.default\">\n\t\t\t\t<div class=\"elementor-widget-container\">\n\t\t\t\t\t\t\t\t\t<h4>\u00a7.1 General Provisions<\/h4><p>The administrator of personal data is \"OSADA AUGUSTOW\" Michal Kanecki, Giebultow-Augustow, 59-630 Mirsk NIP: 6161562893. Data protection is carried out in accordance with the requirements of generally applicable law, and their storage takes place on secure servers. A glossary is used to interpret the terms. For the purposes of better reception of the Privacy Policy, the term \"User\" has been replaced with the terms \"You\", \"Administrator\" - \"We\".<\/p><p>The term \"GDPR\" means Regulation (EU) 2016\/679 of the European Parliament and of the Council of 27 April 2016 on the protection of individuals with regard to the processing of personal data and on the free movement of such data, and repealing Directive 95\/46 \/ EC. We respect the right to privacy and we care about data security. For this purpose, it is used, inter alia, secure communication encryption protocol (SSL).<\/p><p>Personal data provided in the form on the website https:\/\/osadaaugustow.com\/kontakt\/ are treated as confidential and are not visible to unauthorized persons.<\/p><h4>\u00a72. Data Administrator<\/h4><p>Personal data is processed:<\/p><ul><li>in accordance with the provisions on the protection of personal data,<\/li><li>in accordance with the implemented Privacy Policy,<\/li><li>to the extent and purpose necessary to establish and shape the content,<\/li><li>Agreements, changes or their termination and the correct implementation of Services provided electronically,<\/li><li>to the extent and for the purpose necessary to fulfil legitimate interests (legitimate purposes), and the processing does not violate the rights and freedoms of the data subject,<\/li><li>Each data subject (if we are their administrator) has the right to access data, rectify, delete or limit processing, the right to object, the right to lodge a complaint to the supervisory body.<\/li><li>Contact with the person supervising the processing of personal data in the organization,<\/li><li>The service provider is possible electronically at the following e-mail address: info@osadaagusutow.pl.<\/li><li>The deletion of personal data may occur as a result of the withdrawal of consent or filing a legally admissible objection to the processing of personal data.<\/li><li>The service provider does not share personal data with entities other than those authorized under the applicable law.<\/li><li>We have implemented pseudonymization, data encryption and we have introduced access control, thanks to which we minimize the effects of a possible breach of data security.<\/li><li>Personal data is processed only by persons authorized by us or by processors with whom we closely cooperate.<\/li><\/ul><h4>\u00a73. Cookies<\/h4><p>The website https:\/\/osadaaugustow.com uses cookies. These are small text files sent by a web server and stored by the browser computer software. When the browser reconnects with the website, the website recognizes the type of device from which the user connects. The parameters allow the information contained in them to be read only by the server that created them. Therefore, cookies facilitate the use of previously visited websites.<\/p><p>The collected information relates to the IP address, type of browser used, language, type of operating system, Internet service provider, information about the time and date, location and information sent to the website via the contact form. The collected data is used to monitor and check how users use our website to improve the functioning of the website, ensuring more effective and problem-free navigation.<\/p><p>We monitor user information using the Google Analytics tool that records user behaviour on the website. Cookies identify the user, which allows the content of the website he uses to be adapted to his needs. By remembering his preferences, he enables the appropriate adjustment of advertisements addressed to him. We use cookies to guarantee the highest standard of convenience for our website, and the collected data is used only inside the company ... to optimize activities. We use the following cookies on our website:<\/p><ul><li>\"Necessary\" cookies, enabling the use of services available on the website, e.g. authentication cookies used for services that require authentication on the website; cookies used to ensure security, e.g. used to detect fraud in the field of authentication within the website;<\/li><li>\"Performance\" cookies, enabling the collection of information on the way the website pages are used;<\/li><li>\"Advertising\" cookies, enabling users to provide advertising content more tailored to their interests.<\/li><\/ul><p>The user may at any time disable or restore the option of collecting cookies by changing the settings in the web browser. The cookie management instructions are available at http:\/\/www.allaboutcookies.org\/manage-cookies <span style=\"text-decoration: underline;\">http:\/\/www.allaboutcookies.org\/manage-cookies<\/span><\/p><p>Additional personal data, such as an e-mail address, are collected only in places where the user has expressly consented to it by completing the form. We store and use the above data only for the purposes necessary to perform a given function.<\/p>\t\t\t\t\t\t\t\t<\/div>\n\t\t\t\t<\/div>\n\t\t\t\t\t<\/div>\n\t\t<\/div>\n\t\t\t\t\t<\/div>\n\t\t<\/section>\n\t\t\t\t<\/div>","protected":false},"excerpt":{"rendered":"<p>Polityka Prywatno\u015bci \u00a7.1 Postanowienia Og\u00f3lne Administratorem danych osobowych jest &#8222;OSADA AUGUST\u00d3W&#8221; Micha\u0142 Kanecki, Giebu\u0142t\u00f3w-August\u00f3w, 59-630 Mirskn NIP: 6161562893. Ochrona danych odbywa si\u0119 zgodnie z wymogami powszechnie obowi\u0105zuj\u0105cych przepis\u00f3w prawa, a ich przechowywanie ma miejsce na zabezpieczonych serwerach. Dla interpretacji termin\u00f3w stosuje si\u0119 s\u0142owniczek. Na potrzeby lepszego odbioru Polityki Prywatno\u015bci termin \u201eU\u017cytkownik\u201d zast\u0105piony zosta\u0142 okre\u015bleniem \u201eTy\u201d, [&hellip;]<\/p>\n","protected":false},"author":1,"featured_media":0,"parent":0,"menu_order":0,"comment_status":"closed","ping_status":"open","template":"","meta":{"footnotes":""},"class_list":["post-3","page","type-page","status-publish","hentry"],"_links":{"self":[{"href":"https:\/\/osadaaugustow.com\/eng\/wp-json\/wp\/v2\/pages\/3","targetHints":{"allow":["GET"]}}],"collection":[{"href":"https:\/\/osadaaugustow.com\/eng\/wp-json\/wp\/v2\/pages"}],"about":[{"href":"https:\/\/osadaaugustow.com\/eng\/wp-json\/wp\/v2\/types\/page"}],"author":[{"embeddable":true,"href":"https:\/\/osadaaugustow.com\/eng\/wp-json\/wp\/v2\/users\/1"}],"replies":[{"embeddable":true,"href":"https:\/\/osadaaugustow.com\/eng\/wp-json\/wp\/v2\/comments?post=3"}],"version-history":[{"count":16,"href":"https:\/\/osadaaugustow.com\/eng\/wp-json\/wp\/v2\/pages\/3\/revisions"}],"predecessor-version":[{"id":965,"href":"https:\/\/osadaaugustow.com\/eng\/wp-json\/wp\/v2\/pages\/3\/revisions\/965"}],"wp:attachment":[{"href":"https:\/\/osadaaugustow.com\/eng\/wp-json\/wp\/v2\/media?parent=3"}],"curies":[{"name":"wp","href":"https:\/\/api.w.org\/{rel}","templated":true}]}}