{"id":2,"date":"2021-06-05T07:37:07","date_gmt":"2021-06-05T05:37:07","guid":{"rendered":"http:\/\/osadaaugustow.com\/?page_id=2"},"modified":"2026-02-13T16:01:41","modified_gmt":"2026-02-13T15:01:41","slug":"start","status":"publish","type":"page","link":"https:\/\/osadaaugustow.com\/eng\/","title":{"rendered":"Start"},"content":{"rendered":"<div data-elementor-type=\"wp-page\" data-elementor-id=\"2\" class=\"elementor elementor-2\" data-elementor-post-type=\"page\">\n\t\t\t\t\t\t<section class=\"elementor-section elementor-top-section elementor-element elementor-element-50357bbd elementor-section-height-min-height elementor-section-items-bottom elementor-section-boxed elementor-section-height-default\" data-id=\"50357bbd\" data-element_type=\"section\" data-e-type=\"section\" data-settings=\"{&quot;background_background&quot;:&quot;video&quot;,&quot;background_video_link&quot;:&quot;https:\\\/\\\/osadaaugustow.com\\\/wp-content\\\/themes\\\/osadaaugustow-com\\\/img\\\/zima.mp4&quot;,&quot;background_play_on_mobile&quot;:&quot;yes&quot;}\">\n\t\t\t\t\t\t\t\t<div class=\"elementor-background-video-container\">\n\t\t\t\t\t\t\t\t\t\t\t\t\t<video class=\"elementor-background-video-hosted\" role=\"presentation\" autoplay muted playsinline loop><\/video>\n\t\t\t\t\t\t\t\t\t\t\t<\/div>\n\t\t\t\t\t\t\t\t\t<div class=\"elementor-background-overlay\"><\/div>\n\t\t\t\t\t\t\t<div class=\"elementor-container elementor-column-gap-default\">\n\t\t\t\t\t<div class=\"elementor-column elementor-col-100 elementor-top-column elementor-element elementor-element-387c520b\" data-id=\"387c520b\" data-element_type=\"column\" data-e-type=\"column\">\n\t\t\t<div class=\"elementor-widget-wrap elementor-element-populated\">\n\t\t\t\t\t\t<div class=\"elementor-element elementor-element-fdf8e12 animated-slow elementor-invisible elementor-widget elementor-widget-heading\" data-id=\"fdf8e12\" data-element_type=\"widget\" data-e-type=\"widget\" data-settings=\"{&quot;_animation&quot;:&quot;fadeInDown&quot;}\" data-widget_type=\"heading.default\">\n\t\t\t\t<div class=\"elementor-widget-container\">\n\t\t\t\t\t<h1 class=\"elementor-heading-title elementor-size-default\">Osada Augustow<\/h1>\t\t\t\t<\/div>\n\t\t\t\t<\/div>\n\t\t\t\t<div class=\"elementor-element elementor-element-e8a7038 animated-slow elementor-invisible elementor-widget elementor-widget-heading\" data-id=\"e8a7038\" data-element_type=\"widget\" data-e-type=\"widget\" data-settings=\"{&quot;_animation&quot;:&quot;fadeInDown&quot;}\" data-widget_type=\"heading.default\">\n\t\t\t\t<div class=\"elementor-widget-container\">\n\t\t\t\t\t<h2 class=\"elementor-heading-title elementor-size-default\">An oasis of peace for the demanding<\/h2>\t\t\t\t<\/div>\n\t\t\t\t<\/div>\n\t\t\t\t<div class=\"elementor-element elementor-element-56f68ca animated-slow elementor-invisible elementor-widget elementor-widget-html\" data-id=\"56f68ca\" data-element_type=\"widget\" data-e-type=\"widget\" data-settings=\"{&quot;_animation&quot;:&quot;fadeInUp&quot;}\" data-widget_type=\"html.default\">\n\t\t\t\t<div class=\"elementor-widget-container\">\n\t\t\t\t\t<style>.elementor-element-56f68ca{display:none !important}<\/style>\t\t\t\t<\/div>\n\t\t\t\t<\/div>\n\t\t\t\t<div class=\"elementor-element elementor-element-aa0081c animated-slow elementor-invisible elementor-widget elementor-widget-html\" data-id=\"aa0081c\" data-element_type=\"widget\" data-e-type=\"widget\" data-settings=\"{&quot;_animation&quot;:&quot;fadeInUp&quot;}\" data-widget_type=\"html.default\">\n\t\t\t\t<div class=\"elementor-widget-container\">\n\t\t\t\t\t<script src=\"https:\/\/panel.hotres.pl\/public\/api\/hotres_v4_chooser.js\"><\/script> \r\n<form action=\"https:\/\/panel.hotres.pl\/v4_step1\" target=\"_blank\" class=\"hotresChooser\" id=\"hotresChooser\" method=\"get\">\r\n<input type=\"hidden\" name=\"oid\" id=\"hotresOid\" value=\"2563\" \/>\r\n<input type=\"hidden\" name=\"lang\" id=\"hotresLang\" value=\"\" \/> \r\n<input type=\"hidden\" name=\"arrival\" id=\"hotresArrival\" \/>\r\n<input type=\"hidden\" name=\"departure\" id=\"hotresDeparture\" \/>\r\n\r\n<div class=\"hotresRangeChooser\" id=\"hotresRangeChooser\">\r\n    <div id=\"hotresArrivalWrap\"><\/div>\r\n    <div id=\"hotresDepartureWrap\"><\/div>\r\n<\/div>\r\n<div class=\"hotresAdultsChooser\" id=\"hotresAdultsChooser\"><select name=\"adults\" id=\"hotresAdultsSelect\"><\/select><\/div>\r\n<div class=\"hotresSubmit\"><button id=\"hotresButtonChooser\"><\/button><\/div>\r\n<\/form>\r\n<script>\r\nwindow.addEventListener('load', (event) => { new hotresChooser({'maxAdults':10,\"lang\":\"en\"});});\r\n<\/script>\r\n\t\t\t\t<\/div>\n\t\t\t\t<\/div>\n\t\t\t\t\t<\/div>\n\t\t<\/div>\n\t\t\t\t\t<\/div>\n\t\t<\/section>\n\t\t\t\t<section class=\"elementor-section elementor-top-section elementor-element elementor-element-26b6648 elementor-section-boxed elementor-section-height-default elementor-section-height-default\" data-id=\"26b6648\" data-element_type=\"section\" data-e-type=\"section\">\n\t\t\t\t\t\t<div class=\"elementor-container elementor-column-gap-default\">\n\t\t\t\t\t<div class=\"elementor-column elementor-col-50 elementor-top-column elementor-element elementor-element-4ba96b4 animated-slow elementor-invisible\" data-id=\"4ba96b4\" data-element_type=\"column\" data-e-type=\"column\" data-settings=\"{&quot;animation&quot;:&quot;fadeIn&quot;,&quot;background_background&quot;:&quot;classic&quot;,&quot;animation_mobile&quot;:&quot;none&quot;}\">\n\t\t\t<div class=\"elementor-widget-wrap elementor-element-populated\">\n\t\t\t\t\t\t<div class=\"elementor-element elementor-element-246c488 elementor-absolute elementor-widget elementor-widget-image\" data-id=\"246c488\" data-element_type=\"widget\" data-e-type=\"widget\" data-settings=\"{&quot;_position&quot;:&quot;absolute&quot;}\" data-widget_type=\"image.default\">\n\t\t\t\t<div class=\"elementor-widget-container\">\n\t\t\t\t\t\t\t\t\t\t\t\t\t\t\t<img fetchpriority=\"high\" decoding=\"async\" width=\"178\" height=\"281\" src=\"https:\/\/osadaaugustow.com\/wp-content\/uploads\/2021\/06\/accent.png\" class=\"attachment-full size-full wp-image-425\" alt=\"\" \/>\t\t\t\t\t\t\t\t\t\t\t\t\t\t\t<\/div>\n\t\t\t\t<\/div>\n\t\t\t\t<div class=\"elementor-element elementor-element-65767ba elementor-widget elementor-widget-heading\" data-id=\"65767ba\" data-element_type=\"widget\" data-e-type=\"widget\" data-widget_type=\"heading.default\">\n\t\t\t\t<div class=\"elementor-widget-container\">\n\t\t\t\t\t<p class=\"elementor-heading-title elementor-size-default\">Osada Augustow<\/p>\t\t\t\t<\/div>\n\t\t\t\t<\/div>\n\t\t\t\t<div class=\"elementor-element elementor-element-57db6fb elementor-widget elementor-widget-heading\" data-id=\"57db6fb\" data-element_type=\"widget\" data-e-type=\"widget\" data-widget_type=\"heading.default\">\n\t\t\t\t<div class=\"elementor-widget-container\">\n\t\t\t\t\t<p class=\"elementor-heading-title elementor-size-default\">A few words about this place...<\/p>\t\t\t\t<\/div>\n\t\t\t\t<\/div>\n\t\t\t\t<div class=\"elementor-element elementor-element-3b135b0 elementor-widget elementor-widget-image\" data-id=\"3b135b0\" data-element_type=\"widget\" data-e-type=\"widget\" data-widget_type=\"image.default\">\n\t\t\t\t<div class=\"elementor-widget-container\">\n\t\t\t\t\t\t\t\t\t\t\t\t\t\t\t<img decoding=\"async\" src=\"https:\/\/osadaaugustow.com\/wp-content\/uploads\/elementor\/thumbs\/zima-2-qikv4e8j21xkc7hbi9aet1vsf76iiankegmogmw6ps.jpg\" title=\"\" alt=\"\" loading=\"lazy\" \/>\t\t\t\t\t\t\t\t\t\t\t\t\t\t\t<\/div>\n\t\t\t\t<\/div>\n\t\t\t\t\t<\/div>\n\t\t<\/div>\n\t\t\t\t<div class=\"elementor-column elementor-col-50 elementor-top-column elementor-element elementor-element-85117fd animated-slow elementor-invisible\" data-id=\"85117fd\" data-element_type=\"column\" data-e-type=\"column\" data-settings=\"{&quot;animation&quot;:&quot;fadeIn&quot;}\">\n\t\t\t<div class=\"elementor-widget-wrap elementor-element-populated\">\n\t\t\t\t\t\t<div class=\"elementor-element elementor-element-b5f04ce elementor-widget elementor-widget-image\" data-id=\"b5f04ce\" data-element_type=\"widget\" data-e-type=\"widget\" data-settings=\"{&quot;_animation_mobile&quot;:&quot;none&quot;}\" data-widget_type=\"image.default\">\n\t\t\t\t<div class=\"elementor-widget-container\">\n\t\t\t\t\t\t\t\t\t\t\t\t\t\t\t<img decoding=\"async\" width=\"1600\" height=\"1067\" src=\"https:\/\/osadaaugustow.com\/wp-content\/uploads\/2021\/06\/osada-augustow-007-1.jpg\" class=\"attachment-full size-full wp-image-222\" alt=\"\" srcset=\"https:\/\/osadaaugustow.com\/wp-content\/uploads\/2021\/06\/osada-augustow-007-1.jpg 1600w, https:\/\/osadaaugustow.com\/wp-content\/uploads\/2021\/06\/osada-augustow-007-1-300x200.jpg 300w, https:\/\/osadaaugustow.com\/wp-content\/uploads\/2021\/06\/osada-augustow-007-1-1024x683.jpg 1024w, https:\/\/osadaaugustow.com\/wp-content\/uploads\/2021\/06\/osada-augustow-007-1-768x512.jpg 768w, https:\/\/osadaaugustow.com\/wp-content\/uploads\/2021\/06\/osada-augustow-007-1-1536x1024.jpg 1536w\" sizes=\"(max-width: 1600px) 100vw, 1600px\" \/>\t\t\t\t\t\t\t\t\t\t\t\t\t\t\t<\/div>\n\t\t\t\t<\/div>\n\t\t\t\t<div class=\"elementor-element elementor-element-e1fbd3e elementor-widget elementor-widget-text-editor\" data-id=\"e1fbd3e\" data-element_type=\"widget\" data-e-type=\"widget\" data-settings=\"{&quot;_animation_mobile&quot;:&quot;none&quot;}\" data-widget_type=\"text-editor.default\">\n\t\t\t\t<div class=\"elementor-widget-container\">\n\t\t\t\t\t\t\t\t\t<p>Hi! My name is Micha\u0142 and I am the owner of  Osada Augustow, or Augustow Settlement. Together with my loved ones we have created this place to turn our guests' leisure into a real escape from everyday life.<\/p><p>My mom, Basia, her heart on her sleeve, the hostess of Osada Augustow, is always there, a real master of delicious breakfasts that she is, full of openness. She knows every square meter of the area and will surely advise you which route is worth following. In Osada, apart from us, two smile-sharing husky dogs - Aron and Rashi - will welcome you. They watch over us, in the meantime making the youngest guests happy.<\/p>\t\t\t\t\t\t\t\t<\/div>\n\t\t\t\t<\/div>\n\t\t\t\t<div class=\"elementor-element elementor-element-3645c13 elementor-widget elementor-widget-button\" data-id=\"3645c13\" data-element_type=\"widget\" data-e-type=\"widget\" data-settings=\"{&quot;_animation_mobile&quot;:&quot;none&quot;}\" data-widget_type=\"button.default\">\n\t\t\t\t<div class=\"elementor-widget-container\">\n\t\t\t\t\t\t\t\t\t<div class=\"elementor-button-wrapper\">\n\t\t\t\t\t<a class=\"elementor-button elementor-button-link elementor-size-sm\" href=\"https:\/\/osadaaugustow.com\/eng\/nasza-osada\/\">\n\t\t\t\t\t\t<span class=\"elementor-button-content-wrapper\">\n\t\t\t\t\t\t<span class=\"elementor-button-icon\">\n\t\t\t\t<i aria-hidden=\"true\" class=\"fas fa-arrow-right\"><\/i>\t\t\t<\/span>\n\t\t\t\t\t\t\t\t\t<span class=\"elementor-button-text\">Take a look at our settlement<\/span>\n\t\t\t\t\t<\/span>\n\t\t\t\t\t<\/a>\n\t\t\t\t<\/div>\n\t\t\t\t\t\t\t\t<\/div>\n\t\t\t\t<\/div>\n\t\t\t\t\t<\/div>\n\t\t<\/div>\n\t\t\t\t\t<\/div>\n\t\t<\/section>\n\t\t\t\t<section class=\"elementor-section elementor-top-section elementor-element elementor-element-2f4e1e9 animated-slow elementor-section-boxed elementor-section-height-default elementor-section-height-default elementor-invisible\" data-id=\"2f4e1e9\" data-element_type=\"section\" data-e-type=\"section\" data-settings=\"{&quot;animation&quot;:&quot;fadeIn&quot;}\">\n\t\t\t\t\t\t<div class=\"elementor-container elementor-column-gap-default\">\n\t\t\t\t\t<div class=\"elementor-column elementor-col-50 elementor-top-column elementor-element elementor-element-24a25d1\" data-id=\"24a25d1\" data-element_type=\"column\" data-e-type=\"column\">\n\t\t\t<div class=\"elementor-widget-wrap elementor-element-populated\">\n\t\t\t\t\t\t<div class=\"elementor-element elementor-element-cb338df elementor-widget elementor-widget-text-editor\" data-id=\"cb338df\" data-element_type=\"widget\" data-e-type=\"widget\" data-settings=\"{&quot;_animation_mobile&quot;:&quot;none&quot;}\" data-widget_type=\"text-editor.default\">\n\t\t\t\t<div class=\"elementor-widget-container\">\n\t\t\t\t\t\t\t\t\t<p>Ever since I can remember, I have been passionate about history. Out of this love for distant times came my becoming a tourist guide, and for 4 years I was one in the nearby Czocha Castle. The region of the Izerskie Foothills is especially dear to me because of my grandparents who once lived in this area. Wanting to respect their legacy, I decided to create a haven of peace and relaxation for guests from all over the country and abroad.<\/p><p>My wish is for the tourists to come back here because of this blissful peace, distance from larger agglomerations, the attractiveness of the area in terms of recreation and non-commercial nature. Our region to me seems extremely underappreciated. You can find gems and curiosities unknown to most people. There are mountains, lakes and forests nearby. In terms of location both summer and winter sports enthusiasts will be pleased.<\/p><p>Whether you are a connoisseurs of lazy, silent rest with a book or a restless soul hungry for activity, you will find it fitting your preference here. To kids trips around the region seem as magical journeys full of adventures. Dogs accompanying our guest during those always look tired when they all come back, but on their snouts you can see satisfaction from the kilometers conquered.<\/p>\t\t\t\t\t\t\t\t<\/div>\n\t\t\t\t<\/div>\n\t\t\t\t\t<\/div>\n\t\t<\/div>\n\t\t\t\t<div class=\"elementor-column elementor-col-50 elementor-top-column elementor-element elementor-element-a76c40f\" data-id=\"a76c40f\" data-element_type=\"column\" data-e-type=\"column\">\n\t\t\t<div class=\"elementor-widget-wrap elementor-element-populated\">\n\t\t\t\t\t\t<div class=\"elementor-element elementor-element-303479c elementor-widget elementor-widget-image\" data-id=\"303479c\" data-element_type=\"widget\" data-e-type=\"widget\" data-widget_type=\"image.default\">\n\t\t\t\t<div class=\"elementor-widget-container\">\n\t\t\t\t\t\t\t\t\t\t\t\t\t\t\t<img decoding=\"async\" src=\"https:\/\/osadaaugustow.com\/wp-content\/uploads\/elementor\/thumbs\/bania-2-rj3kzoju8kqxo3k7k839kk44k4rr7ifmi4i0oc0t8g.jpg\" title=\"bania-2\" alt=\"bania-2\" loading=\"lazy\" \/>\t\t\t\t\t\t\t\t\t\t\t\t\t\t\t<\/div>\n\t\t\t\t<\/div>\n\t\t\t\t\t<\/div>\n\t\t<\/div>\n\t\t\t\t\t<\/div>\n\t\t<\/section>\n\t\t\t\t<section class=\"elementor-section elementor-top-section elementor-element elementor-element-7617790 animated-slow elementor-section-boxed elementor-section-height-default elementor-section-height-default elementor-invisible\" data-id=\"7617790\" data-element_type=\"section\" data-e-type=\"section\" data-settings=\"{&quot;animation&quot;:&quot;fadeIn&quot;}\">\n\t\t\t\t\t\t<div class=\"elementor-container elementor-column-gap-default\">\n\t\t\t\t\t<div class=\"elementor-column elementor-col-100 elementor-top-column elementor-element elementor-element-c706bdf\" data-id=\"c706bdf\" data-element_type=\"column\" data-e-type=\"column\">\n\t\t\t<div class=\"elementor-widget-wrap elementor-element-populated\">\n\t\t\t\t\t\t<div class=\"elementor-element elementor-element-23e58b8 elementor-widget elementor-widget-heading\" data-id=\"23e58b8\" data-element_type=\"widget\" data-e-type=\"widget\" data-settings=\"{&quot;_animation_mobile&quot;:&quot;none&quot;}\" data-widget_type=\"heading.default\">\n\t\t\t\t<div class=\"elementor-widget-container\">\n\t\t\t\t\t<p class=\"elementor-heading-title elementor-size-default\">Gallery<\/p>\t\t\t\t<\/div>\n\t\t\t\t<\/div>\n\t\t\t\t<div class=\"elementor-element elementor-element-b765aaa elementor-widget elementor-widget-heading\" data-id=\"b765aaa\" data-element_type=\"widget\" data-e-type=\"widget\" data-settings=\"{&quot;_animation_mobile&quot;:&quot;none&quot;}\" data-widget_type=\"heading.default\">\n\t\t\t\t<div class=\"elementor-widget-container\">\n\t\t\t\t\t<h3 class=\"elementor-heading-title elementor-size-default\">See the interior of the houses and the SPA Zone<\/h3>\t\t\t\t<\/div>\n\t\t\t\t<\/div>\n\t\t\t\t<div class=\"elementor-element elementor-element-4aa4f87 elementor-arrows-position-inside elementor-widget elementor-widget-image-carousel\" data-id=\"4aa4f87\" data-element_type=\"widget\" data-e-type=\"widget\" data-settings=\"{&quot;slides_to_show&quot;:&quot;3&quot;,&quot;slides_to_scroll&quot;:&quot;1&quot;,&quot;navigation&quot;:&quot;arrows&quot;,&quot;image_spacing_custom&quot;:{&quot;unit&quot;:&quot;px&quot;,&quot;size&quot;:10,&quot;sizes&quot;:[]},&quot;_animation_mobile&quot;:&quot;none&quot;,&quot;autoplay&quot;:&quot;yes&quot;,&quot;pause_on_hover&quot;:&quot;yes&quot;,&quot;pause_on_interaction&quot;:&quot;yes&quot;,&quot;autoplay_speed&quot;:5000,&quot;infinite&quot;:&quot;yes&quot;,&quot;speed&quot;:500,&quot;image_spacing_custom_tablet&quot;:{&quot;unit&quot;:&quot;px&quot;,&quot;size&quot;:&quot;&quot;,&quot;sizes&quot;:[]},&quot;image_spacing_custom_mobile&quot;:{&quot;unit&quot;:&quot;px&quot;,&quot;size&quot;:&quot;&quot;,&quot;sizes&quot;:[]}}\" data-widget_type=\"image-carousel.default\">\n\t\t\t\t<div class=\"elementor-widget-container\">\n\t\t\t\t\t\t\t<div class=\"elementor-image-carousel-wrapper swiper\" role=\"region\" aria-roledescription=\"carousel\" aria-label=\"Karuzela obrazk\u00f3w\" dir=\"ltr\">\n\t\t\t<div class=\"elementor-image-carousel swiper-wrapper swiper-image-stretch\" aria-live=\"off\">\n\t\t\t\t\t\t\t\t<div class=\"swiper-slide\" role=\"group\" aria-roledescription=\"slide\" aria-label=\"1 z 7\"><figure class=\"swiper-slide-inner\"><img decoding=\"async\" class=\"swiper-slide-image\" src=\"https:\/\/osadaaugustow.com\/wp-content\/uploads\/elementor\/thumbs\/bania-rj3l0imt6oxaqw95nn4bzt88n1wehqsg1jrkf4hgvs.jpg\" alt=\"bania\" \/><\/figure><\/div><div class=\"swiper-slide\" role=\"group\" aria-roledescription=\"slide\" aria-label=\"2 z 7\"><figure class=\"swiper-slide-inner\"><img decoding=\"async\" class=\"swiper-slide-image\" src=\"https:\/\/osadaaugustow.com\/wp-content\/uploads\/elementor\/thumbs\/zima-galeria-0009-qikvijp6toc5w4txufj7jy0zgmocu5vhrsluyjm27s.jpg\" alt=\"zima galeria 0009\" \/><\/figure><\/div><div class=\"swiper-slide\" role=\"group\" aria-roledescription=\"slide\" aria-label=\"3 z 7\"><figure class=\"swiper-slide-inner\"><img decoding=\"async\" class=\"swiper-slide-image\" src=\"https:\/\/osadaaugustow.com\/wp-content\/uploads\/elementor\/thumbs\/zima-galeria-0006-qikvfp8s4qfwqmyrgp8vi5vqpmpcj5kr1phxndtz20.jpg\" alt=\"zima galeria 0006\" \/><\/figure><\/div><div class=\"swiper-slide\" role=\"group\" aria-roledescription=\"slide\" aria-label=\"4 z 7\"><figure class=\"swiper-slide-inner\"><img decoding=\"async\" class=\"swiper-slide-image\" src=\"https:\/\/osadaaugustow.com\/wp-content\/uploads\/elementor\/thumbs\/zima-galeria-0005-qikvfoaxxwemf104m6u8xo4a48tzbgh0pkug63vd88.jpg\" alt=\"zima galeria 0005\" \/><\/figure><\/div><div class=\"swiper-slide\" role=\"group\" aria-roledescription=\"slide\" aria-label=\"5 z 7\"><figure class=\"swiper-slide-inner\"><img decoding=\"async\" class=\"swiper-slide-image\" src=\"https:\/\/osadaaugustow.com\/wp-content\/uploads\/elementor\/thumbs\/zima-galeria-0004-qikvfmf9k8c1rt2ux60zsolcxh38w29k1bjh7jy5ko.jpg\" alt=\"zima galeria 0004\" \/><\/figure><\/div><div class=\"swiper-slide\" role=\"group\" aria-roledescription=\"slide\" aria-label=\"6 z 7\"><figure class=\"swiper-slide-inner\"><img decoding=\"async\" class=\"swiper-slide-image\" src=\"https:\/\/osadaaugustow.com\/wp-content\/uploads\/elementor\/thumbs\/zima-galeria-0003-qikvflhfdearg7482nmd86twc37vod5tp6vzq9zjqw.jpg\" alt=\"zima galeria 0003\" \/><\/figure><\/div><div class=\"swiper-slide\" role=\"group\" aria-roledescription=\"slide\" aria-label=\"7 z 7\"><figure class=\"swiper-slide-inner\"><img decoding=\"async\" class=\"swiper-slide-image\" src=\"https:\/\/osadaaugustow.com\/wp-content\/uploads\/elementor\/thumbs\/zima-galeria-0013-qikvfkjl6k9h4l5l857qnp2fqpcigo23d28i900xx4.jpg\" alt=\"zima galeria 0013\" \/><\/figure><\/div>\t\t\t<\/div>\n\t\t\t\t\t\t\t\t\t\t\t\t<div class=\"elementor-swiper-button elementor-swiper-button-prev\" role=\"button\" tabindex=\"0\">\n\t\t\t\t\t\t<i aria-hidden=\"true\" class=\"eicon-chevron-left\"><\/i>\t\t\t\t\t<\/div>\n\t\t\t\t\t<div class=\"elementor-swiper-button elementor-swiper-button-next\" role=\"button\" tabindex=\"0\">\n\t\t\t\t\t\t<i aria-hidden=\"true\" class=\"eicon-chevron-right\"><\/i>\t\t\t\t\t<\/div>\n\t\t\t\t\n\t\t\t\t\t\t\t\t\t<\/div>\n\t\t\t\t\t\t<\/div>\n\t\t\t\t<\/div>\n\t\t\t\t<div class=\"elementor-element elementor-element-1d7133f elementor-widget elementor-widget-text-editor\" data-id=\"1d7133f\" data-element_type=\"widget\" data-e-type=\"widget\" data-settings=\"{&quot;_animation_mobile&quot;:&quot;none&quot;}\" data-widget_type=\"text-editor.default\">\n\t\t\t\t<div class=\"elementor-widget-container\">\n\t\t\t\t\t\t\t\t\t<p>We intend Osada to be an excursion base for couples, families and friends who want to escape the hustle and bustle of base reality and instead immerse in positive energy of pristine nature. Augustow Settlement  is situated on the northern slopes of Wojkowa (502 m above sea level) and belongs to the village of Giebultow. Residential buildings are situated at an altitude of 405-460 m above sea level. According to historical sources, the settlement was was founded around 1738.<\/p>\t\t\t\t\t\t\t\t<\/div>\n\t\t\t\t<\/div>\n\t\t\t\t<div class=\"elementor-element elementor-element-4c2a11f elementor-widget elementor-widget-button\" data-id=\"4c2a11f\" data-element_type=\"widget\" data-e-type=\"widget\" data-settings=\"{&quot;_animation_mobile&quot;:&quot;none&quot;}\" data-widget_type=\"button.default\">\n\t\t\t\t<div class=\"elementor-widget-container\">\n\t\t\t\t\t\t\t\t\t<div class=\"elementor-button-wrapper\">\n\t\t\t\t\t<a class=\"elementor-button elementor-button-link elementor-size-sm\" href=\"https:\/\/osadaaugustow.com\/eng\/galeria\/\">\n\t\t\t\t\t\t<span class=\"elementor-button-content-wrapper\">\n\t\t\t\t\t\t<span class=\"elementor-button-icon\">\n\t\t\t\t<i aria-hidden=\"true\" class=\"fas fa-arrow-right\"><\/i>\t\t\t<\/span>\n\t\t\t\t\t\t\t\t\t<span class=\"elementor-button-text\">To the galery<\/span>\n\t\t\t\t\t<\/span>\n\t\t\t\t\t<\/a>\n\t\t\t\t<\/div>\n\t\t\t\t\t\t\t\t<\/div>\n\t\t\t\t<\/div>\n\t\t\t\t\t<\/div>\n\t\t<\/div>\n\t\t\t\t\t<\/div>\n\t\t<\/section>\n\t\t\t\t<\/div>","protected":false},"excerpt":{"rendered":"<p>Osada August\u00f3w Oaza spokoju dla wymagaj\u0105cych Osada August\u00f3w Kilka s\u0142\u00f3w o tym miejscu&#8230; Cze\u015b\u0107! Mam na imi\u0119 Micha\u0142 i jestem w\u0142a\u015bcicielem Osady August\u00f3w. Wraz z najbli\u017cszymi osobami stworzyli\u015bmy to miejsce tak, aby zamieni\u0107 wypoczynek naszych go\u015bci w prawdziw\u0105 odskocznie od codzienno\u015bci. Stale na miejscu jest moja mama Basia- gospodyni Osady August\u00f3w. Prawdziwa mistrzyni pysznych \u015bniada\u0144 [&hellip;]<\/p>\n","protected":false},"author":1,"featured_media":0,"parent":0,"menu_order":0,"comment_status":"closed","ping_status":"closed","template":"","meta":{"footnotes":""},"class_list":["post-2","page","type-page","status-publish","hentry"],"_links":{"self":[{"href":"https:\/\/osadaaugustow.com\/eng\/wp-json\/wp\/v2\/pages\/2","targetHints":{"allow":["GET"]}}],"collection":[{"href":"https:\/\/osadaaugustow.com\/eng\/wp-json\/wp\/v2\/pages"}],"about":[{"href":"https:\/\/osadaaugustow.com\/eng\/wp-json\/wp\/v2\/types\/page"}],"author":[{"embeddable":true,"href":"https:\/\/osadaaugustow.com\/eng\/wp-json\/wp\/v2\/users\/1"}],"replies":[{"embeddable":true,"href":"https:\/\/osadaaugustow.com\/eng\/wp-json\/wp\/v2\/comments?post=2"}],"version-history":[{"count":540,"href":"https:\/\/osadaaugustow.com\/eng\/wp-json\/wp\/v2\/pages\/2\/revisions"}],"predecessor-version":[{"id":1708,"href":"https:\/\/osadaaugustow.com\/eng\/wp-json\/wp\/v2\/pages\/2\/revisions\/1708"}],"wp:attachment":[{"href":"https:\/\/osadaaugustow.com\/eng\/wp-json\/wp\/v2\/media?parent=2"}],"curies":[{"name":"wp","href":"https:\/\/api.w.org\/{rel}","templated":true}]}}